{"id":263868,"date":"2011-10-06T17:43:31","date_gmt":"2011-10-06T15:43:31","guid":{"rendered":"http:\/\/test.petiteprof79.eu\/impressum-2\/"},"modified":"2024-05-19T10:33:45","modified_gmt":"2024-05-19T08:33:45","slug":"mentions-legales","status":"publish","type":"page","link":"https:\/\/www.petiteprof79.eu\/fr\/mentions-legales\/","title":{"rendered":"Mentions L\u00e9gales"},"content":{"rendered":"<h1>Angaben gem\u00e4\u00df \u00a7 5 DDG:<\/h1>\n<p>Stephanie W\u00f6ssner<br \/>\nLudwigstr. 3<br \/>\n72172 Sulz am Neckar<\/p>\n<h2 style=\"text-align: justify;\">Kontakt:<\/h2>\n<address>Email \u00a0 \u00a0 \u00a0 \u00a0 \u00a0: steffi@steffi-woessner.de<\/address>\n<address>Webseiten: <a href=\"http:\/\/www.stephanie-woessner.de\">www.stephanie-woessner.de<\/a> (schulisch); <a href=\"http:\/\/www.steffi-woessner.de\">www.steffi-woessner.de<\/a> (privat)\u00a0<\/address>\n<address>\u00a0<\/address>\n<p><strong>Verantwortlich f\u00fcr den Inhalt:<\/strong><br \/>\nStephanie W\u00f6ssner<br \/>\nLudwigstr. 3<br \/>\n72172 Sulz am Neckar<\/p>\n<p style=\"text-align: justify;\">Quelle: <em>Erstellt durch den <a href=\"http:\/\/www.e-recht24.de\" target=\"_blank\" rel=\"noopener noreferrer\">Impressum-Generator<\/a> von e-recht24.de f\u00fcr Privatpersonen.<\/em><\/p>\n<h2 style=\"text-align: justify;\">Haftungsausschluss:<\/h2>\n<p style=\"text-align: justify;\"><strong>Haftung f\u00fcr Inhalte<\/strong><\/p>\n<p style=\"text-align: justify;\">Die Inhalte meiner Seiten wurden mit gr\u00f6\u00dfter Sorgfalt erstellt. F\u00fcr die Richtigkeit, Vollst\u00e4ndigkeit und Aktualit\u00e4t der Inhalte kann ich jedoch keine Gew\u00e4hr \u00fcbernehmen. Als Diensteanbieter bin ich gem\u00e4\u00df \u00a7 7 Abs.1 DDG f\u00fcr\u00a0\u00a0eigene Inhalte auf diesen Seiten nach den allgemeinen Gesetzen verantwortlich. Nach \u00a7\u00a7 8 bis 10 DDG bin ich als Diensteanbieter jedoch nicht verpflichtet, \u00fcbermittelte oder gespeicherte fremde Informationen zu \u00fcberwachen oder nach Umst\u00e4nden zu forschen, die auf eine rechtswidrige T\u00e4tigkeit hinweisen. Verpflichtungen zur Entfernung oder Sperrung der Nutzung von Informationen nach den allgemeinen Gesetzen bleiben hiervon unber\u00fchrt. Eine diesbez\u00fcgliche Haftung ist jedoch erst ab dem Zeitpunkt der Kenntnis einer konkreten Rechtsverletzung m\u00f6glich. Bei Bekanntwerden von entsprechenden Rechtsverletzungen werde ich diese Inhalte umgehend entfernen.<\/p>\n<p style=\"text-align: justify;\"><strong>Haftung f\u00fcr Links<\/strong><\/p>\n<p style=\"text-align: justify;\">Mein Angebot enth\u00e4lt Links zu externen Webseiten Dritter, auf deren Inhalte ich keinen Einfluss habe. Deshalb kann ich f\u00fcr diese fremden Inhalte auch keine Gew\u00e4hr \u00fcbernehmen. F\u00fcr die Inhalte der verlinkten Seiten ist stets der jeweilige Anbieter oder Betreiber der Seiten verantwortlich. Die verlinkten Seiten wurden zum Zeitpunkt der Verlinkung auf m\u00f6gliche Rechtsverst\u00f6\u00dfe \u00fcberpr\u00fcft. Rechtswidrige Inhalte waren zum Zeitpunkt der Verlinkung nicht erkennbar. Eine permanente inhaltliche Kontrolle der verlinkten Seiten ist jedoch ohne konkrete Anhaltspunkte\u00a0\u00a0\u00a0einer Rechtsverletzung nicht zumutbar. Bei Bekanntwerden von Rechtsverletzungen werde ich\u00a0derartige Links umgehend entfernen.<\/p>\n<p style=\"text-align: justify;\"><strong>Urheberrecht<\/strong><\/p>\n<p style=\"text-align: justify;\">Die durch die Seitenbetreiber erstellten Inhalte und Werke auf diesen Seiten unterliegen, wenn nicht anders angegeben, einer CC BY-NC-SA 4.0-Lizenz. Dies bedeutet, dass die Inhalte unter den g\u00e4ngigen <a href=\"https:\/\/creativecommons.org\/licenses\/by-nc-sa\/4.0\/\" target=\"_blank\" rel=\"noopener\">Lizenzbedingungen<\/a> weiterverwendet werden d\u00fcrfen. Wenn Inhalte nicht dieser Lizenz unterliegen (z.B. Fotos), so ist dies klar gekennzeichnet. Soweit die Inhalte auf dieser Seite nicht vom Betreiber erstellt wurden, werden die Urheberrechte Dritter beachtet. Insbesondere werden Inhalte Dritter als solche gekennzeichnet. Sollten Sie trotzdem auf eine Urheberrechtsverletzung aufmerksam werden, bitte ich um einen entsprechenden Hinweis. Bei Bekanntwerden von Rechtsverletzungen werde ich derartige Inhalte umgehend entfernen.<\/p>\n<p style=\"text-align: justify;\"><strong>Datenschutz<\/strong><\/p>\n<p style=\"text-align: justify;\">Die Nutzung unserer Webseite ist in der Regel ohne Angabe personenbezogener Daten m\u00f6glich. Soweit auf unseren Seiten personenbezogene Daten (beispielsweise Name, Anschrift oder eMail-Adressen) erhoben werden, erfolgt dies, soweit m\u00f6glich, stets auf freiwilliger Basis. Diese Daten werden ohne Ihre ausdr\u00fcckliche Zustimmung nicht an Dritte weitergegeben.<\/p>\n<p style=\"text-align: justify;\">Ich weise darauf hin, dass die Daten\u00fcbertragung im Internet (z.B. bei der Kommunikation per E-Mail) Sicherheitsl\u00fccken aufweisen kann. Ein l\u00fcckenloser Schutz der Daten vor dem Zugriff durch Dritte ist nicht m\u00f6glich.<\/p>\n<p style=\"text-align: justify;\">Der Nutzung von im Rahmen der Impressumspflicht\u00a0ver\u00f6ffentlichten Kontaktdaten\u00a0durch Dritte zur \u00dcbersendung von nicht ausdr\u00fccklich angeforderter Werbung und Informationsmaterialien wird hiermit ausdr\u00fccklich widersprochen. Die Betreiberin der Seiten beh\u00e4lt sich ausdr\u00fccklich rechtliche Schritte im Falle der unverlangten Zusendung von Werbeinformationen, etwa durch Spam-Mails, vor.<\/p>\n<p style=\"text-align: justify;\"><strong>Datenschutzerkl\u00e4rung f\u00fcr die Nutzung von Facebook-Plugins (Like-Button)<\/strong><\/p>\n<p style=\"text-align: justify;\">Auf meinen Seiten sind Plugins\u00a0des sozialen Netzwerks Facebook, 1601 South\u00a0California\u00a0Avenue, Palo\u00a0Alto, CA 94304, USA integriert. Die Facebook-Plugins erkennen Sie an dem Facebook-Logo oder dem \u00ab\u00a0Like-Button\u00a0\u00bb (\u00ab\u00a0Gef\u00e4llt mir\u00a0\u00bb) auf meiner Seite. Eine \u00dcbersicht \u00fcber die Facebook-Plugins finden Sie hier: <a href=\"http:\/\/developers.facebook.com\/docs\/plugins\/\" target=\"_blank\" rel=\"noopener noreferrer\">http:\/\/developers.facebook.com\/docs\/plugins\/<\/a>.<\/p>\n<p style=\"text-align: justify;\">Wenn Sie meine Seiten besuchen, wird \u00fcber das Plugin eine direkte Verbindung zwischen Ihrem Browser und dem Facebook-Server hergestellt. Der Betreiber, Meta Inc., erh\u00e4lt dadurch die Information, dass Sie mit Ihrer IP-Adresse meine Seite besucht haben. Wenn Sie den Facebook \u00ab\u00a0Like-Button\u00a0\u00bb anklicken w\u00e4hrend Sie in Ihrem Facebook-Account eingeloggt sind, k\u00f6nnen Sie die Inhalte unserer Seiten auf Ihrem Facebook-Profil verlinken. Dadurch kann Facebook den Besuch meiner Seiten Ihrem Benutzerkonto zuordnen. Ich weise darauf hin, dass ich als Anbieter der Seiten keine Kenntnis vom Inhalt der \u00fcbermittelten Daten sowie deren Nutzung durch Facebook erhalte. Weitere Informationen hierzu finden Sie in der Datenschutzerkl\u00e4rung von facebook unter <a href=\"http:\/\/de-de.facebook.com\/policy.php\" target=\"_blank\" rel=\"noopener noreferrer\"> http:\/\/de-de.facebook.com\/policy.php<\/a><\/p>\n<p style=\"text-align: justify;\">Wenn Sie nicht w\u00fcnschen, dass Facebook den Besuch unserer Seiten Ihrem\u00a0\u00a0 Facebook-Nutzerkonto zuordnen kann, loggen Sie sich bitte aus Ihrem\u00a0\u00a0Facebook-Benutzerkonto aus.<\/p>\n<p style=\"text-align: justify;\"><strong>Datenschutzerkl\u00e4rung f\u00fcr die Nutzung von X (Twitter)<\/strong><\/p>\n<p style=\"text-align: justify;\">Auf meiner Seite sind Funktionen des Dienstes X (Twitter) eingebunden. Diese Funktionen werden angeboten durch die Twitter Inc., 795 Folsom St., Suite 600, San Francisco, CA 94107, USA. Durch das Benutzen von X (Twitter) und der Funktion \u00ab\u00a0Re-Tweet\u00a0\u00bb werden die von Ihnen besuchten Webseiten mit Ihrem Twitter-Account verkn\u00fcpft und anderen Nutzern bekannt gegeben. Dabei werden auch Daten an Twitter \u00fcbertragen.<\/p>\n<p style=\"text-align: justify;\">Ich weise darauf hin, dass ich als Anbieter der Seiten keine Kenntnis vom Inhalt der \u00fcbermittelten Daten sowie deren Nutzung durch X (Twitter) erhalte. Weitere Informationen hierzu finden Sie in der\u00a0\u00a0Datenschutzerkl\u00e4rung von Twitter unter <a href=\"http:\/\/twitter.com\/privacy\" target=\"_blank\" rel=\"noopener noreferrer\">http:\/\/twitter.com\/privacy<\/a>.<\/p>\n<p style=\"text-align: justify;\">Ihre Datenschutzeinstellungen\u00a0bei Twitter k\u00f6nnen Sie in den Konto-Einstellungen unter <a href=\"http:\/\/twitter.com\/account\/settings\" target=\"_blank\" rel=\"noopener noreferrer\">http:\/\/twitter.com\/account\/settings<\/a> \u00e4ndern.<\/p>\n<p style=\"text-align: justify;\"><em>Quellverweis: <a href=\"http:\/\/www.e-recht24.de\/muster-disclaimer.htm\" target=\"_blank\" rel=\"noopener noreferrer\">Disclaimer<\/a>\u00a0von eRecht24, dem Portal zum Internetrecht\u00a0von Rechtsanwalt S\u00f6ren Siebert, <a href=\"http:\/\/www.e-recht24.de\/artikel\/datenschutz\/6590-facebook-like-button-datenschutz-disclaimer.html\" target=\"_blank\" rel=\"noopener noreferrer\">eRecht24 Facebook\u00a0Datenschutzerkl\u00e4rung<\/a>, <a href=\"http:\/\/twitter.com\/privacy\" target=\"_blank\" rel=\"noopener noreferrer\">Datenschutzerkl\u00e4rung X (Twitter)<\/a><\/em><\/p>\n<p style=\"text-align: justify;\">\n","protected":false},"excerpt":{"rendered":"<p>Angaben gem\u00e4\u00df \u00a7 5 DDG: Stephanie W\u00f6ssner Ludwigstr. 3 72172 Sulz am Neckar Kontakt: Email \u00a0 \u00a0 \u00a0 \u00a0 \u00a0: steffi@steffi-woessner.de Webseiten: www.stephanie-woessner.de (schulisch); www.steffi-woessner.de (privat)\u00a0 \u00a0 Verantwortlich f\u00fcr den Inhalt: Stephanie W\u00f6ssner Ludwigstr. 3 72172 Sulz am Neckar Quelle: Erstellt durch den Impressum-Generator von e-recht24.de f\u00fcr Privatpersonen. Haftungsausschluss: Haftung f\u00fcr Inhalte Die Inhalte meiner<\/p>\n<div class=\"read-more\"><a href=\"https:\/\/www.petiteprof79.eu\/fr\/mentions-legales\/\" title=\"Read More\">Read More<\/a><\/div>\n","protected":false},"author":3,"featured_media":0,"parent":0,"menu_order":0,"comment_status":"closed","ping_status":"closed","template":"","meta":{"footnotes":""},"class_list":["post-263868","page","type-page","status-publish"],"yoast_head":"<!-- This site is optimized with the Yoast SEO plugin v27.3 - https:\/\/yoast.com\/product\/yoast-seo-wordpress\/ -->\n<title>Mentions L\u00e9gales - PetiteProf79<\/title>\n<meta name=\"robots\" content=\"index, follow, max-snippet:-1, max-image-preview:large, max-video-preview:-1\" \/>\n<link rel=\"canonical\" href=\"https:\/\/www.petiteprof79.eu\/fr\/mentions-legales\/\" \/>\n<meta property=\"og:locale\" content=\"fr_FR\" \/>\n<meta property=\"og:type\" content=\"article\" \/>\n<meta property=\"og:title\" content=\"Mentions L\u00e9gales - PetiteProf79\" \/>\n<meta property=\"og:description\" content=\"Angaben gem\u00e4\u00df \u00a7 5 DDG: Stephanie W\u00f6ssner Ludwigstr. 3 72172 Sulz am Neckar Kontakt: Email \u00a0 \u00a0 \u00a0 \u00a0 \u00a0: steffi@steffi-woessner.de Webseiten: www.stephanie-woessner.de (schulisch); www.steffi-woessner.de (privat)\u00a0 \u00a0 Verantwortlich f\u00fcr den Inhalt: Stephanie W\u00f6ssner Ludwigstr. 3 72172 Sulz am Neckar Quelle: Erstellt durch den Impressum-Generator von e-recht24.de f\u00fcr Privatpersonen. Haftungsausschluss: Haftung f\u00fcr Inhalte Die Inhalte meinerRead More\" \/>\n<meta property=\"og:url\" content=\"https:\/\/www.petiteprof79.eu\/fr\/mentions-legales\/\" \/>\n<meta property=\"og:site_name\" content=\"PetiteProf79\" \/>\n<meta property=\"article:modified_time\" content=\"2024-05-19T08:33:45+00:00\" \/>\n<meta name=\"twitter:card\" content=\"summary_large_image\" \/>\n<meta name=\"twitter:label1\" content=\"Dur\u00e9e de lecture estim\u00e9e\" \/>\n\t<meta name=\"twitter:data1\" content=\"4 minutes\" \/>\n<script type=\"application\/ld+json\" class=\"yoast-schema-graph\">{\"@context\":\"https:\\\/\\\/schema.org\",\"@graph\":[{\"@type\":\"WebPage\",\"@id\":\"https:\\\/\\\/www.petiteprof79.eu\\\/fr\\\/mentions-legales\\\/\",\"url\":\"https:\\\/\\\/www.petiteprof79.eu\\\/fr\\\/mentions-legales\\\/\",\"name\":\"Mentions L\u00e9gales - PetiteProf79\",\"isPartOf\":{\"@id\":\"https:\\\/\\\/www.petiteprof79.eu\\\/fr\\\/#website\"},\"datePublished\":\"2011-10-06T15:43:31+00:00\",\"dateModified\":\"2024-05-19T08:33:45+00:00\",\"breadcrumb\":{\"@id\":\"https:\\\/\\\/www.petiteprof79.eu\\\/fr\\\/mentions-legales\\\/#breadcrumb\"},\"inLanguage\":\"fr-FR\",\"potentialAction\":[{\"@type\":\"ReadAction\",\"target\":[\"https:\\\/\\\/www.petiteprof79.eu\\\/fr\\\/mentions-legales\\\/\"]}]},{\"@type\":\"BreadcrumbList\",\"@id\":\"https:\\\/\\\/www.petiteprof79.eu\\\/fr\\\/mentions-legales\\\/#breadcrumb\",\"itemListElement\":[{\"@type\":\"ListItem\",\"position\":1,\"name\":\"Startseite\",\"item\":\"https:\\\/\\\/www.petiteprof79.eu\\\/fr\\\/\"},{\"@type\":\"ListItem\",\"position\":2,\"name\":\"Mentions L\u00e9gales\"}]},{\"@type\":\"WebSite\",\"@id\":\"https:\\\/\\\/www.petiteprof79.eu\\\/fr\\\/#website\",\"url\":\"https:\\\/\\\/www.petiteprof79.eu\\\/fr\\\/\",\"name\":\"PetiteProf79\",\"description\":\"Catching up with the future\",\"potentialAction\":[{\"@type\":\"SearchAction\",\"target\":{\"@type\":\"EntryPoint\",\"urlTemplate\":\"https:\\\/\\\/www.petiteprof79.eu\\\/fr\\\/?s={search_term_string}\"},\"query-input\":{\"@type\":\"PropertyValueSpecification\",\"valueRequired\":true,\"valueName\":\"search_term_string\"}}],\"inLanguage\":\"fr-FR\"}]}<\/script>\n<!-- \/ Yoast SEO plugin. -->","yoast_head_json":{"title":"Mentions L\u00e9gales - PetiteProf79","robots":{"index":"index","follow":"follow","max-snippet":"max-snippet:-1","max-image-preview":"max-image-preview:large","max-video-preview":"max-video-preview:-1"},"canonical":"https:\/\/www.petiteprof79.eu\/fr\/mentions-legales\/","og_locale":"fr_FR","og_type":"article","og_title":"Mentions L\u00e9gales - PetiteProf79","og_description":"Angaben gem\u00e4\u00df \u00a7 5 DDG: Stephanie W\u00f6ssner Ludwigstr. 3 72172 Sulz am Neckar Kontakt: Email \u00a0 \u00a0 \u00a0 \u00a0 \u00a0: steffi@steffi-woessner.de Webseiten: www.stephanie-woessner.de (schulisch); www.steffi-woessner.de (privat)\u00a0 \u00a0 Verantwortlich f\u00fcr den Inhalt: Stephanie W\u00f6ssner Ludwigstr. 3 72172 Sulz am Neckar Quelle: Erstellt durch den Impressum-Generator von e-recht24.de f\u00fcr Privatpersonen. Haftungsausschluss: Haftung f\u00fcr Inhalte Die Inhalte meinerRead More","og_url":"https:\/\/www.petiteprof79.eu\/fr\/mentions-legales\/","og_site_name":"PetiteProf79","article_modified_time":"2024-05-19T08:33:45+00:00","twitter_card":"summary_large_image","twitter_misc":{"Dur\u00e9e de lecture estim\u00e9e":"4 minutes"},"schema":{"@context":"https:\/\/schema.org","@graph":[{"@type":"WebPage","@id":"https:\/\/www.petiteprof79.eu\/fr\/mentions-legales\/","url":"https:\/\/www.petiteprof79.eu\/fr\/mentions-legales\/","name":"Mentions L\u00e9gales - PetiteProf79","isPartOf":{"@id":"https:\/\/www.petiteprof79.eu\/fr\/#website"},"datePublished":"2011-10-06T15:43:31+00:00","dateModified":"2024-05-19T08:33:45+00:00","breadcrumb":{"@id":"https:\/\/www.petiteprof79.eu\/fr\/mentions-legales\/#breadcrumb"},"inLanguage":"fr-FR","potentialAction":[{"@type":"ReadAction","target":["https:\/\/www.petiteprof79.eu\/fr\/mentions-legales\/"]}]},{"@type":"BreadcrumbList","@id":"https:\/\/www.petiteprof79.eu\/fr\/mentions-legales\/#breadcrumb","itemListElement":[{"@type":"ListItem","position":1,"name":"Startseite","item":"https:\/\/www.petiteprof79.eu\/fr\/"},{"@type":"ListItem","position":2,"name":"Mentions L\u00e9gales"}]},{"@type":"WebSite","@id":"https:\/\/www.petiteprof79.eu\/fr\/#website","url":"https:\/\/www.petiteprof79.eu\/fr\/","name":"PetiteProf79","description":"Catching up with the future","potentialAction":[{"@type":"SearchAction","target":{"@type":"EntryPoint","urlTemplate":"https:\/\/www.petiteprof79.eu\/fr\/?s={search_term_string}"},"query-input":{"@type":"PropertyValueSpecification","valueRequired":true,"valueName":"search_term_string"}}],"inLanguage":"fr-FR"}]}},"jetpack_shortlink":"https:\/\/wp.me\/P307rJ-16DW","jetpack_sharing_enabled":true,"_links":{"self":[{"href":"https:\/\/www.petiteprof79.eu\/fr\/wp-json\/wp\/v2\/pages\/263868","targetHints":{"allow":["GET"]}}],"collection":[{"href":"https:\/\/www.petiteprof79.eu\/fr\/wp-json\/wp\/v2\/pages"}],"about":[{"href":"https:\/\/www.petiteprof79.eu\/fr\/wp-json\/wp\/v2\/types\/page"}],"author":[{"embeddable":true,"href":"https:\/\/www.petiteprof79.eu\/fr\/wp-json\/wp\/v2\/users\/3"}],"replies":[{"embeddable":true,"href":"https:\/\/www.petiteprof79.eu\/fr\/wp-json\/wp\/v2\/comments?post=263868"}],"version-history":[{"count":2,"href":"https:\/\/www.petiteprof79.eu\/fr\/wp-json\/wp\/v2\/pages\/263868\/revisions"}],"predecessor-version":[{"id":267965,"href":"https:\/\/www.petiteprof79.eu\/fr\/wp-json\/wp\/v2\/pages\/263868\/revisions\/267965"}],"wp:attachment":[{"href":"https:\/\/www.petiteprof79.eu\/fr\/wp-json\/wp\/v2\/media?parent=263868"}],"curies":[{"name":"wp","href":"https:\/\/api.w.org\/{rel}","templated":true}]}}